{"id":2743,"date":"2025-03-15T13:19:21","date_gmt":"2025-03-15T12:19:21","guid":{"rendered":"https:\/\/stomatologia-medicalbeauty.pl\/apt\/?post_type=product&#038;p=2743"},"modified":"2025-04-08T17:53:30","modified_gmt":"2025-04-08T16:53:30","slug":"sliminmax","status":"publish","type":"product","link":"https:\/\/stomatologia-medicalbeauty.pl\/apt\/produkt\/sliminmax\/","title":{"rendered":"SliminMAX"},"content":{"rendered":"\n<h2 class=\"wp-block-heading\">Co to jest SliminMAX i jak dzia\u0142a?<\/h2>\n\n\n\n<p>SliminMAX to innowacyjny <b>suplement diety<\/b> stworzony, aby wspiera\u0107 <b>odchudzanie<\/b>. Produkt dzia\u0142a poprzez aktywacj\u0119 procesu termogenezy, co prowadzi do zwi\u0119kszenia tempa przemian metabolicznych i przyspieszenia spalania kalorii. Zawiera <b>naturalne<\/b> <b>sk\u0142adniki<\/b>, takie jak ekstrakt z zielonej herbaty, Garcinia Cambogia, guarana, chrom oraz L-karnityn\u0119, kt\u00f3re wsp\u00f3\u0142dzia\u0142aj\u0105, aby przyspieszy\u0107 procesy metaboliczne, wspom\u00f3c spalanie tkanki t\u0142uszczowej oraz kontrolowa\u0107 apetyt.<\/p>\n\n\n\n<p>Ekstrakt z zielonej herbaty dostarcza EGCG, substancji, kt\u00f3ra zwi\u0119ksza utrat\u0119 t\u0142uszczu, zw\u0142aszcza w trudnych obszarach. Garcinia Cambogia hamuje uczucie g\u0142odu, a guarana dodaje energii, co czyni SliminMAX skutecznym wsparciem w realizacji cel\u00f3w odchudzania. Produkt zwraca uwag\u0119 ze wzgl\u0119du na brak sztucznych dodatk\u00f3w i chemikali\u00f3w, co sprzyja zdrowemu podej\u015bciu do zarz\u0105dzania wag\u0105.<\/p>\n\n\n\n<p>W\u0142a\u015bciwe <b>dawkowanie<\/b> SliminMAX to jedna porcja dziennie, najlepsza pora to rano lub jako zast\u0119pstwo jednego z posi\u0142k\u00f3w. Dzi\u0119ki unikalnej formule, SliminMAX wspiera nie tylko redukcj\u0119 tkanki t\u0142uszczowej, ale r\u00f3wnie\u017c oczyszczenie organizmu z toksyn oraz wp\u0142ywa na wzrost energii. Oferuj\u0105c <b>naturalne<\/b> wsparcie w odchudzaniu, SliminMAX staje si\u0119 coraz bardziej popularnym wyborem w\u015br\u00f3d os\u00f3b d\u0105\u017c\u0105cych do lepszej sylwetki.<\/p>\n\n\n\n<h2 class=\"wp-block-heading\">SliminMAX &#8211; efekty stosowania<\/h2>\n\n\n\n<p>Regularne <b>stosowanie<\/b> SliminMAX przynosi wiele korzystnych efekt\u00f3w, kt\u00f3re wspieraj\u0105 proces odchudzania. <b>Suplement diety<\/b> ten dzia\u0142a na organizm poprzez eliminacj\u0119 nadmiaru p\u0142yn\u00f3w oraz toksyn, co przyczynia si\u0119 do redukcji wagi. <b>U\u017cytkownicy<\/b> zauwa\u017caj\u0105 zmniejszenie obj\u0119to\u015bci tkanki t\u0142uszczowej oraz popraw\u0119 metabolizmu, co jest kluczowym elementem sukcesu w d\u0105\u017ceniu do wymarzonej sylwetki.<\/p>\n\n\n\n<p>Wielu stosuj\u0105cych SliminMAX zg\u0142asza <b>rezultaty<\/b> w postaci utraty wagi od 6 do 10 kg w ci\u0105gu 2-3 miesi\u0119cy. Regularne <b>stosowanie<\/b> tego suplementu diety przek\u0142ada si\u0119 na kontrolowanie apetytu, co u\u0142atwia przestrzeganie diety i wprowadzenie zdrowych nawyk\u00f3w \u017cywieniowych. Zwi\u0119kszenie poziomu energii to kolejny wa\u017cny efekt, kt\u00f3ry wspiera aktywno\u015b\u0107 fizyczn\u0105 i poprawia og\u00f3lne samopoczucie.<\/p>\n\n\n\n<p>Dzi\u0119ki naturalnym sk\u0142adnikom, takim jak ekstrakt z guaran\u00e1, SliminMAX wspomaga detoksykacj\u0119 organizmu oraz poprawia funkcje trawienne. Witaminy C i B1 dostarczane przez ten <b>suplement diety<\/b> wp\u0142ywaj\u0105 na lepsze samopoczucie, wspieraj\u0105c system immunologiczny oraz zdrowie serca. <b>U\u017cytkownicy<\/b> chwal\u0105 sobie nie tylko przyspieszenie metabolizmu, ale tak\u017ce pozytywne zmiany w wygl\u0105dzie sk\u00f3ry i og\u00f3ln\u0105 popraw\u0119 stanu zdrowia.<\/p>\n\n\n\n<h2 class=\"wp-block-heading\">Jak prawid\u0142owo stosowa\u0107 SliminMAX &#8211; Dawkowanie<\/h2>\n\n\n\n<p>Suplement diety SliminMAX dost\u0119pny jest w formie proszku, co u\u0142atwia jego <b>stosowanie<\/b>. <b>Zalecenia<\/b> dotycz\u0105ce dawkowania s\u0105 kluczowe, aby zapewni\u0107 maksymalne korzy\u015bci zdrowotne. Zwykle do przygotowania jednej porcji wystarczy jedna \u0142y\u017cka (15 gram\u00f3w) proszku zmieszanego z 250 ml wody. Nale\u017cy dok\u0142adnie wymiesza\u0107, aby uzyska\u0107 jednolit\u0105 konsystencj\u0119.<\/p>\n\n\n\n<p>Optymalne <b>dawkowanie<\/b> SliminMAX polega na spo\u017cywaniu preparatu raz dziennie, najlepiej przed posi\u0142kiem. Takie stosowanie wspiera kontrolowanie apetytu, co mo\u017ce przyczyni\u0107 si\u0119 do skuteczniejszej utraty wagi. Regularne przyjmowanie suplementu pozwala na osi\u0105gni\u0119cie najlepszych rezultat\u00f3w, a przestrzeganie zalece\u0144 dotycz\u0105cych dawkowania pozwala unikn\u0105\u0107 potencjalnych skutk\u00f3w ubocznych.<\/p>\n\n\n\n<p>W kontek\u015bcie diety mo\u017cna w\u0142\u0105czy\u0107 SliminMAX w plan \u017cywieniowy oparty na diecie \u015br\u00f3dziemnomorskiej. Ta zdrowa dieta, kt\u00f3ra skupia si\u0119 na jedzeniu bia\u0142ka i niskos\u0142odzonych posi\u0142k\u00f3w, wspiera stabilizacj\u0119 poziomu cukru we krwi. Wa\u017cne jest unikni\u0119cie wysokow\u0119glowodanowych posi\u0142k\u00f3w w trakcie okresu postu, by pom\u00f3c w utrzymaniu post\u0119p\u00f3w w utracie wagi.<\/p>\n\n\n\n<figure class=\"wp-block-table\"><table class=\"has-fixed-layout\"><tbody><tr><th>Rodzaj<\/th><th>Dawkowanie<\/th><th>Uwagi<\/th><\/tr><tr><td>SliminMAX<\/td><td>1 \u0142y\u017cka (15 g) raz dziennie<\/td><td>Przed posi\u0142kiem, najlepiej przed \u015bniadaniem<\/td><\/tr><tr><td>Woda<\/td><td>250 ml<\/td><td>Dok\u0142adnie wymiesza\u0107<\/td><\/tr><tr><td>Okres stosowania<\/td><td>Codziennie<\/td><td>Przez co najmniej 30 dni dla uzyskania efekt\u00f3w<\/td><\/tr><\/tbody><\/table><\/figure>\n\n\n\n<p>Zmiana trybu \u017cycia, jak stick to a structured fasting method such as 16:8, r\u00f3wnie\u017c przyczynia si\u0119 do poprawy zdrowia metabolicznego. Odpowiednia kombinacja stosowania SliminMAX i zdrowej diety mo\u017ce znacz\u0105co wp\u0142yn\u0105\u0107 na popraw\u0119 kondycji organizmu oraz redukcj\u0119 ryzyka chor\u00f3b sercowo-naczyniowych.<\/p>\n\n\n\n<h2 class=\"wp-block-heading\">Do\u015bwiadczenia u\u017cytkownik\u00f3w i Opinie o SliminMAX &#8211; jakie s\u0105 recenzje?<\/h2>\n\n\n\n<p>Wielu u\u017cytkownik\u00f3w SliminMAX dzieli si\u0119 swoimi do\u015bwiadczeniami na forach po\u015bwi\u0119conych zdrowiu i odchudzaniu. <b>Opinie<\/b> m\u00f3wi\u0105 o znacz\u0105cych efektach, jakich do\u015bwiadczyli po rozpocz\u0119ciu stosowania tego produktu. Poni\u017cej przedstawione s\u0105 przyk\u0142ady recenzji:<\/p>\n\n\n\n<ul class=\"wp-block-list\">\n<li><blockquote><p>Joanna, 36 lat: \u201eZ pomoc\u0105 SliminMAX uda\u0142o mi si\u0119 zredukowa\u0107 wag\u0119 i poprawi\u0107 samoocen\u0119. Produkt stosowa\u0142am r\u00f3wnocze\u015bnie z zdrow\u0105 diet\u0105 i aktywno\u015bci\u0105 fizyczn\u0105.\u201d<\/p><\/blockquote><\/li>\n\n\n\n<li><blockquote><p>Mariusz, 43 lata: \u201eZauwa\u017cy\u0142em, \u017ce stosowanie SliminMAX w po\u0142\u0105czeniu z diet\u0105 keto pomog\u0142o mi schudn\u0105\u0107 i poprawi\u0142o zdrowie moich staw\u00f3w.\u201d<\/p><\/blockquote><\/li>\n\n\n\n<li><blockquote><p>Kamila, 27 lat: \u201eSzybko osi\u0105gn\u0119\u0142am swoje cele odchudzania, a <b>sk\u0142ad<\/b> SliminMAX oraz b\u0142yskawiczna dostawa by\u0142y dla mnie du\u017cym atutem.\u201d<\/p><\/blockquote><\/li>\n<\/ul>\n\n\n\n<p><b>Opinie<\/b> u\u017cytkownik\u00f3w wskazuj\u0105 na skuteczno\u015b\u0107 SliminMAX w procesie odchudzania, co potwierdzaj\u0105 liczne <b>recenzje<\/b>. Niekt\u00f3rzy <b>u\u017cytkownicy<\/b> zg\u0142osili utrat\u0119 kilku centymetr\u00f3w w obwodzie talii po regularnym stosowaniu produktu. Inni zauwa\u017cyli redukcj\u0119 uczucia wzd\u0119cia oraz popraw\u0119 poziomu energii, co sprzyja\u0142o lepszemu zarz\u0105dzaniu wag\u0105. Kolejny u\u017cytkownik opisa\u0142, \u017ce schud\u0142 6 kg w ci\u0105gu kilku miesi\u0119cy, podkre\u015blaj\u0105c wsparcie zdrowego metabolizmu, jakie da\u0142 mu SliminMAX.<\/p>\n\n\n\n<p>Wielu u\u017cytkownik\u00f3w doceni\u0142o r\u00f3wnie\u017c wygod\u0119 oraz przyjemny smak SliminMAX, co czyni ten produkt komfortowym dodatkiem do codziennej rutyny. Mo\u017cliwo\u015b\u0107 zakupu SliminMAX na oficjalnej stronie internetowej z opcjami promocji mo\u017ce by\u0107 dodatkowym czynnikiem zach\u0119caj\u0105cym do wypr\u00f3bowania tej formu\u0142y.<\/p>\n\n\n\n<h2 class=\"wp-block-heading\">SliminMAX &#8211; Sk\u0142ad &#8211; Co zawiera?<\/h2>\n\n\n\n<p>SliminMAX to suplement diety oparty na naturalnych sk\u0142adnikach, kt\u00f3re wspieraj\u0105 proces odchudzania i zdrowego stylu \u017cycia. Jego <em>sk\u0142ad<\/em> obejmuje kilka kluczowych sk\u0142adnik\u00f3w, kt\u00f3re razem dzia\u0142aj\u0105 na rzecz efektywnej redukcji wagi.<\/p>\n\n\n\n<ul class=\"wp-block-list\">\n<li><strong>Ekstrakt z zielonej herbaty<\/strong> \u2013 znany ze swoich w\u0142a\u015bciwo\u015bci antyoksydacyjnych oraz zdolno\u015bci do przyspieszania metabolizmu, co pomaga spala\u0107 tkank\u0119 t\u0142uszczow\u0105.<\/li>\n\n\n\n<li><strong>Garcinia Cambogia<\/strong> \u2013 zawiera kwas hydroksycytrynowy (HCA), kt\u00f3ry mo\u017ce hamowa\u0107 apetyt i przyczyni\u0107 si\u0119 do redukcji spo\u017cycia kalorii.<\/li>\n\n\n\n<li><strong>Guarana<\/strong> \u2013 <b>naturalne<\/b> \u017ar\u00f3d\u0142o kofeiny, zwi\u0119ksza poziom energii i wytrzyma\u0142o\u015bci, co jest wa\u017cne przy aktywno\u015bci fizycznej.<\/li>\n\n\n\n<li><strong>L-karnityna<\/strong> \u2013 wspomaga transport kwas\u00f3w t\u0142uszczowych do mitochondri\u00f3w, gdzie s\u0105 spalane na energi\u0119.<\/li>\n\n\n\n<li><strong>Bia\u0142ka<\/strong> \u2013 wysoka jako\u015b\u0107 bia\u0142ek, takich jak bia\u0142ko z mleka (whey protein) i bia\u0142ko caseinowe, dostarczaj\u0105 niezb\u0119dnych sk\u0142adnik\u00f3w od\u017cywczych po treningach.<\/li>\n\n\n\n<li><strong>Aminokwasy<\/strong> \u2013 przyczyniaj\u0105 si\u0119 do zwi\u0119kszenia ilo\u015bci tkanki mi\u0119\u015bniowej, co wspiera procesy odchudzania.<\/li>\n\n\n\n<li><strong>Kreatyna<\/strong> \u2013 cenny sk\u0142adnik dla poprawy efektywno\u015bci treningu, przyczynia si\u0119 do wzrostu masy mi\u0119\u015bniowej.<\/li>\n<\/ul>\n\n\n\n<p>Dzi\u0119ki temu wyj\u0105tkowemu <em>sk\u0142adowi<\/em>, SliminMAX stanowi skuteczny <em>suplement diety<\/em>, kt\u00f3ry wspiera <b>odchudzanie<\/b> w spos\u00f3b naturalny.<\/p>\n\n\n\n<h2 class=\"wp-block-heading\">Gdzie kupi\u0107 i jaka jest cena SliminMAX?<\/h2>\n\n\n\n<p>Jedyn\u0105 bezpieczn\u0105 drog\u0105 zakupu SliminMAX jest oficjalna strona internetowa producenta. Tylko tam masz pewno\u015b\u0107, \u017ce otrzymasz oryginalny produkt z aktualnej partii. Co wa\u017cne, producent cyklicznie wprowadza promocje, kt\u00f3re pozwalaj\u0105 obni\u017cy\u0107 cen\u0119 nawet o po\u0142ow\u0119. SliminMAX nie jest dost\u0119pny na Allegro, Amazonie, ani w \u017cadnym sklepie stacjonarnym, co czyni go produktem ekskluzywnym. Warto \u015bledzi\u0107 dost\u0119pno\u015b\u0107 \u2013 liczba promocyjnych zestaw\u00f3w jest ograniczona.<\/p>\n\n\n\n<h2 class=\"wp-block-heading\">Potencjalne Skutki uboczne i Przeciwwskazania SliminMAX<\/h2>\n\n\n\n<p>SliminMAX, jako suplement diety oparty na naturalnych sk\u0142adnikach, oferuje wiele korzy\u015bci w procesie odchudzania. Niemniej jednak, jak ka\u017cdy produkt, ma potencjalne <b>skutki uboczne<\/b>, kt\u00f3re mog\u0105 wyst\u0105pi\u0107 u niekt\u00f3rych u\u017cytkownik\u00f3w. Z uwagi na r\u00f3\u017cnorodno\u015b\u0107 reakcji organizmu na <b>sk\u0142adniki<\/b>, zawsze warto zwr\u00f3ci\u0107 si\u0119 do lekarza przed rozpocz\u0119ciem suplementacji. Specjalista pomo\u017ce oceni\u0107 <b>bezpiecze\u0144stwo<\/b> stosowania SliminMAX, szczeg\u00f3lnie w przypadku os\u00f3b z istniej\u0105cymi problemami zdrowotnymi.<\/p>\n\n\n\n<p><b>Przeciwwskazania<\/b> do stosowania SliminMAX obejmuj\u0105 ci\u0105\u017c\u0119 i karmienie piersi\u0105, co obliguje do konsultacji z medykiem. Nale\u017cy r\u00f3wnie\u017c zachowa\u0107 ostro\u017cno\u015b\u0107, je\u015bli osoba ma alergie lub przyjmuje inne leki, co mo\u017ce zwi\u0119kszy\u0107 ryzyko wyst\u0105pienia dzia\u0142a\u0144 niepo\u017c\u0105danych. Osoby z takimi przypadkami powinny unika\u0107 samodzielnego wprowadzania suplementu do swojej diety bez profesjonalnego nadzoru.<\/p>\n\n\n\n<p>Aby zapewni\u0107 maksymalne <b>bezpiecze\u0144stwo<\/b> oraz skuteczno\u015b\u0107 dzia\u0142ania SliminMAX, wa\u017cne jest, aby monitorowa\u0107 samopoczucie po rozpocz\u0119ciu kuracji. W przypadku wyst\u0105pienia niepo\u017c\u0105danych reakcji, powinno si\u0119 niezw\u0142ocznie skonsultowa\u0107 z lekarzem. Dbaj\u0105c o bezpiecze\u0144stwo, mo\u017cna cieszy\u0107 si\u0119 pe\u0142nymi korzy\u015bciami oferowanymi przez ten suplement diety, minimalizuj\u0105c ryzyko skutk\u00f3w ubocznych.<\/p>\n","protected":false},"excerpt":{"rendered":"<p><strong>[date_countdown]<\/strong><\/p>\n<div style=\"font-family: Arial, sans-serif;font-size: 14px;color: #333;line-height: 1.5;margin-top: 10px\">\n<p style=\"color: #4fabe4;font-size: 16px;font-weight: bold;margin-bottom: 5px\">(Ponad 7357 zadowolonych klient\u00f3w)<\/p>\n<p style=\"font-size: 14px;font-weight: bold;color: #e44d26;margin-bottom: 10px\">6 os\u00f3b kupi\u0142o ten produkt w ci\u0105gu ostatnich 60 minut<\/p>\n<p style=\"margin-bottom: 10px\"><img decoding=\"async\" src=\"https:\/\/stomatologia-medicalbeauty.pl\/apt\/wp-content\/uploads\/2025\/03\/SAFE-PAY-300x88.png\" alt=\"SAFE PAY\" width=\"136\" height=\"40\" \/><\/p>\n<p style=\"font-size: 14px;font-weight: bold;color: #d9534f;margin-bottom: 0\">Uwaga na podr\u00f3bki!<\/p>\n<p style=\"font-size: 14px;margin-top: 5px\">U nas wszystkie preparaty zamawiasz ze sprawdzonego \u017ar\u00f3d\u0142a, bezpo\u015brednio od producenta &#8211; <span style=\"font-weight: bold;color: #5cb85c\">w 100% oryginalne!<\/span><\/p>\n<p><!-- Sekcja opinii --><\/p>\n<div style=\"margin-top: 15px;padding: 10px;background: #f8f9fa;border-radius: 5px;text-align: left\">\n<p style=\"font-size: 14px;font-weight: bold;margin-bottom: 5px\">Opinie klient\u00f3w:<\/p>\n<div class=\"rating\" style=\"color: #f1c40f;font-size: 18px;margin-bottom: 5px\">\u2605\u2605\u2605\u2605\u2606 <span style=\"color: #333;font-size: 14px\">(4.8\/5)<\/span><\/div>\n<p style=\"font-size: 12px;color: #555\">\u015arednia ocena na podstawie 3653 opinii<\/p>\n<\/div>\n<\/div>\n","protected":false},"featured_media":2773,"template":"","meta":{"neve_meta_sidebar":"","neve_meta_container":"","neve_meta_enable_content_width":"","neve_meta_content_width":0,"neve_meta_title_alignment":"","neve_meta_author_avatar":"","neve_post_elements_order":"","neve_meta_disable_header":"","neve_meta_disable_footer":"","neve_meta_disable_title":"","neve_meta_reading_time":"","_themeisle_gutenberg_block_has_review":false},"product_brand":[],"product_cat":[21],"product_tag":[],"class_list":{"0":"post-2743","1":"product","2":"type-product","3":"status-publish","4":"has-post-thumbnail","6":"product_cat-zdrowie","8":"first","9":"instock","10":"sale","11":"shipping-taxable","12":"product-type-external"},"yoast_head":"<!-- This site is optimized with the Yoast SEO plugin v27.4 - https:\/\/yoast.com\/product\/yoast-seo-wordpress\/ -->\n<title>SliminMAX - Opinie, Cena - 50%, Apteka, Forum, Sk\u0142ad, Efekty | Stomatologia MEDICAL&amp;BEAUTY<\/title>\n<meta name=\"robots\" content=\"index, follow, max-snippet:-1, max-image-preview:large, max-video-preview:-1\" \/>\n<link rel=\"canonical\" href=\"https:\/\/stomatologia-medicalbeauty.pl\/apt\/produkt\/sliminmax\/\" \/>\n<meta property=\"og:locale\" content=\"pl_PL\" \/>\n<meta property=\"og:type\" content=\"article\" \/>\n<meta property=\"og:title\" content=\"SliminMAX - Opinie, Cena - 50%, Apteka, Forum, Sk\u0142ad, Efekty | Stomatologia MEDICAL&amp;BEAUTY\" \/>\n<meta property=\"og:description\" content=\"(Ponad 7357 zadowolonych klient\u00f3w) 6 os\u00f3b kupi\u0142o ten produkt w ci\u0105gu ostatnich 60 minut  Uwaga na podr\u00f3bki! U nas wszystkie preparaty zamawiasz ze sprawdzonego \u017ar\u00f3d\u0142a, bezpo\u015brednio od producenta - w 100% oryginalne!   Opinie klient\u00f3w:  \u2605\u2605\u2605\u2605\u2606 (4.8\/5) \u015arednia ocena na podstawie 3653 opinii\" \/>\n<meta property=\"og:url\" content=\"https:\/\/stomatologia-medicalbeauty.pl\/apt\/produkt\/sliminmax\/\" \/>\n<meta property=\"og:site_name\" content=\"Stomatologia MEDICAL&amp;BEAUTY\" \/>\n<meta property=\"article:modified_time\" content=\"2025-04-08T16:53:30+00:00\" \/>\n<meta property=\"og:image\" content=\"https:\/\/stomatologia-medicalbeauty.pl\/apt\/wp-content\/uploads\/2025\/03\/SliminMAX.jpg\" \/>\n\t<meta property=\"og:image:width\" content=\"768\" \/>\n\t<meta property=\"og:image:height\" content=\"768\" \/>\n\t<meta property=\"og:image:type\" content=\"image\/jpeg\" \/>\n<meta name=\"twitter:card\" content=\"summary_large_image\" \/>\n<meta name=\"twitter:label1\" content=\"Szacowany czas czytania\" \/>\n\t<meta name=\"twitter:data1\" content=\"7 minut\" \/>\n<script type=\"application\/ld+json\" class=\"yoast-schema-graph\">{\"@context\":\"https:\\\/\\\/schema.org\",\"@graph\":[{\"@type\":\"WebPage\",\"@id\":\"https:\\\/\\\/stomatologia-medicalbeauty.pl\\\/apt\\\/produkt\\\/sliminmax\\\/\",\"url\":\"https:\\\/\\\/stomatologia-medicalbeauty.pl\\\/apt\\\/produkt\\\/sliminmax\\\/\",\"name\":\"SliminMAX - Opinie, Cena - 50%, Apteka, Forum, Sk\u0142ad, Efekty | Stomatologia MEDICAL&amp;BEAUTY\",\"isPartOf\":{\"@id\":\"https:\\\/\\\/stomatologia-medicalbeauty.pl\\\/apt\\\/#website\"},\"primaryImageOfPage\":{\"@id\":\"https:\\\/\\\/stomatologia-medicalbeauty.pl\\\/apt\\\/produkt\\\/sliminmax\\\/#primaryimage\"},\"image\":{\"@id\":\"https:\\\/\\\/stomatologia-medicalbeauty.pl\\\/apt\\\/produkt\\\/sliminmax\\\/#primaryimage\"},\"thumbnailUrl\":\"https:\\\/\\\/stomatologia-medicalbeauty.pl\\\/apt\\\/wp-content\\\/uploads\\\/2025\\\/03\\\/SliminMAX.jpg\",\"datePublished\":\"2025-03-15T12:19:21+00:00\",\"dateModified\":\"2025-04-08T16:53:30+00:00\",\"breadcrumb\":{\"@id\":\"https:\\\/\\\/stomatologia-medicalbeauty.pl\\\/apt\\\/produkt\\\/sliminmax\\\/#breadcrumb\"},\"inLanguage\":\"pl-PL\",\"potentialAction\":[{\"@type\":\"ReadAction\",\"target\":[\"https:\\\/\\\/stomatologia-medicalbeauty.pl\\\/apt\\\/produkt\\\/sliminmax\\\/\"]}]},{\"@type\":\"ImageObject\",\"inLanguage\":\"pl-PL\",\"@id\":\"https:\\\/\\\/stomatologia-medicalbeauty.pl\\\/apt\\\/produkt\\\/sliminmax\\\/#primaryimage\",\"url\":\"https:\\\/\\\/stomatologia-medicalbeauty.pl\\\/apt\\\/wp-content\\\/uploads\\\/2025\\\/03\\\/SliminMAX.jpg\",\"contentUrl\":\"https:\\\/\\\/stomatologia-medicalbeauty.pl\\\/apt\\\/wp-content\\\/uploads\\\/2025\\\/03\\\/SliminMAX.jpg\",\"width\":768,\"height\":768},{\"@type\":\"BreadcrumbList\",\"@id\":\"https:\\\/\\\/stomatologia-medicalbeauty.pl\\\/apt\\\/produkt\\\/sliminmax\\\/#breadcrumb\",\"itemListElement\":[{\"@type\":\"ListItem\",\"position\":1,\"name\":\"Strona g\u0142\u00f3wna\",\"item\":\"https:\\\/\\\/stomatologia-medicalbeauty.pl\\\/apt\\\/\"},{\"@type\":\"ListItem\",\"position\":2,\"name\":\"Main\",\"item\":\"https:\\\/\\\/stomatologia-medicalbeauty.pl\\\/apt\\\/\"},{\"@type\":\"ListItem\",\"position\":3,\"name\":\"SliminMAX\"}]},{\"@type\":\"WebSite\",\"@id\":\"https:\\\/\\\/stomatologia-medicalbeauty.pl\\\/apt\\\/#website\",\"url\":\"https:\\\/\\\/stomatologia-medicalbeauty.pl\\\/apt\\\/\",\"name\":\"Stomatologia MEDICAL&BEAUTY\",\"description\":\"\",\"potentialAction\":[{\"@type\":\"SearchAction\",\"target\":{\"@type\":\"EntryPoint\",\"urlTemplate\":\"https:\\\/\\\/stomatologia-medicalbeauty.pl\\\/apt\\\/?s={search_term_string}\"},\"query-input\":{\"@type\":\"PropertyValueSpecification\",\"valueRequired\":true,\"valueName\":\"search_term_string\"}}],\"inLanguage\":\"pl-PL\"}]}<\/script>\n<!-- \/ Yoast SEO plugin. -->","yoast_head_json":{"title":"SliminMAX - Opinie, Cena - 50%, Apteka, Forum, Sk\u0142ad, Efekty | Stomatologia MEDICAL&amp;BEAUTY","robots":{"index":"index","follow":"follow","max-snippet":"max-snippet:-1","max-image-preview":"max-image-preview:large","max-video-preview":"max-video-preview:-1"},"canonical":"https:\/\/stomatologia-medicalbeauty.pl\/apt\/produkt\/sliminmax\/","og_locale":"pl_PL","og_type":"article","og_title":"SliminMAX - Opinie, Cena - 50%, Apteka, Forum, Sk\u0142ad, Efekty | Stomatologia MEDICAL&amp;BEAUTY","og_description":"(Ponad 7357 zadowolonych klient\u00f3w) 6 os\u00f3b kupi\u0142o ten produkt w ci\u0105gu ostatnich 60 minut  Uwaga na podr\u00f3bki! U nas wszystkie preparaty zamawiasz ze sprawdzonego \u017ar\u00f3d\u0142a, bezpo\u015brednio od producenta - w 100% oryginalne!   Opinie klient\u00f3w:  \u2605\u2605\u2605\u2605\u2606 (4.8\/5) \u015arednia ocena na podstawie 3653 opinii","og_url":"https:\/\/stomatologia-medicalbeauty.pl\/apt\/produkt\/sliminmax\/","og_site_name":"Stomatologia MEDICAL&amp;BEAUTY","article_modified_time":"2025-04-08T16:53:30+00:00","og_image":[{"width":768,"height":768,"url":"https:\/\/stomatologia-medicalbeauty.pl\/apt\/wp-content\/uploads\/2025\/03\/SliminMAX.jpg","type":"image\/jpeg"}],"twitter_card":"summary_large_image","twitter_misc":{"Szacowany czas czytania":"7 minut"},"schema":{"@context":"https:\/\/schema.org","@graph":[{"@type":"WebPage","@id":"https:\/\/stomatologia-medicalbeauty.pl\/apt\/produkt\/sliminmax\/","url":"https:\/\/stomatologia-medicalbeauty.pl\/apt\/produkt\/sliminmax\/","name":"SliminMAX - Opinie, Cena - 50%, Apteka, Forum, Sk\u0142ad, Efekty | Stomatologia MEDICAL&amp;BEAUTY","isPartOf":{"@id":"https:\/\/stomatologia-medicalbeauty.pl\/apt\/#website"},"primaryImageOfPage":{"@id":"https:\/\/stomatologia-medicalbeauty.pl\/apt\/produkt\/sliminmax\/#primaryimage"},"image":{"@id":"https:\/\/stomatologia-medicalbeauty.pl\/apt\/produkt\/sliminmax\/#primaryimage"},"thumbnailUrl":"https:\/\/stomatologia-medicalbeauty.pl\/apt\/wp-content\/uploads\/2025\/03\/SliminMAX.jpg","datePublished":"2025-03-15T12:19:21+00:00","dateModified":"2025-04-08T16:53:30+00:00","breadcrumb":{"@id":"https:\/\/stomatologia-medicalbeauty.pl\/apt\/produkt\/sliminmax\/#breadcrumb"},"inLanguage":"pl-PL","potentialAction":[{"@type":"ReadAction","target":["https:\/\/stomatologia-medicalbeauty.pl\/apt\/produkt\/sliminmax\/"]}]},{"@type":"ImageObject","inLanguage":"pl-PL","@id":"https:\/\/stomatologia-medicalbeauty.pl\/apt\/produkt\/sliminmax\/#primaryimage","url":"https:\/\/stomatologia-medicalbeauty.pl\/apt\/wp-content\/uploads\/2025\/03\/SliminMAX.jpg","contentUrl":"https:\/\/stomatologia-medicalbeauty.pl\/apt\/wp-content\/uploads\/2025\/03\/SliminMAX.jpg","width":768,"height":768},{"@type":"BreadcrumbList","@id":"https:\/\/stomatologia-medicalbeauty.pl\/apt\/produkt\/sliminmax\/#breadcrumb","itemListElement":[{"@type":"ListItem","position":1,"name":"Strona g\u0142\u00f3wna","item":"https:\/\/stomatologia-medicalbeauty.pl\/apt\/"},{"@type":"ListItem","position":2,"name":"Main","item":"https:\/\/stomatologia-medicalbeauty.pl\/apt\/"},{"@type":"ListItem","position":3,"name":"SliminMAX"}]},{"@type":"WebSite","@id":"https:\/\/stomatologia-medicalbeauty.pl\/apt\/#website","url":"https:\/\/stomatologia-medicalbeauty.pl\/apt\/","name":"Stomatologia MEDICAL&BEAUTY","description":"","potentialAction":[{"@type":"SearchAction","target":{"@type":"EntryPoint","urlTemplate":"https:\/\/stomatologia-medicalbeauty.pl\/apt\/?s={search_term_string}"},"query-input":{"@type":"PropertyValueSpecification","valueRequired":true,"valueName":"search_term_string"}}],"inLanguage":"pl-PL"}]}},"_links":{"self":[{"href":"https:\/\/stomatologia-medicalbeauty.pl\/apt\/wp-json\/wp\/v2\/product\/2743","targetHints":{"allow":["GET"]}}],"collection":[{"href":"https:\/\/stomatologia-medicalbeauty.pl\/apt\/wp-json\/wp\/v2\/product"}],"about":[{"href":"https:\/\/stomatologia-medicalbeauty.pl\/apt\/wp-json\/wp\/v2\/types\/product"}],"wp:featuredmedia":[{"embeddable":true,"href":"https:\/\/stomatologia-medicalbeauty.pl\/apt\/wp-json\/wp\/v2\/media\/2773"}],"wp:attachment":[{"href":"https:\/\/stomatologia-medicalbeauty.pl\/apt\/wp-json\/wp\/v2\/media?parent=2743"}],"wp:term":[{"taxonomy":"product_brand","embeddable":true,"href":"https:\/\/stomatologia-medicalbeauty.pl\/apt\/wp-json\/wp\/v2\/product_brand?post=2743"},{"taxonomy":"product_cat","embeddable":true,"href":"https:\/\/stomatologia-medicalbeauty.pl\/apt\/wp-json\/wp\/v2\/product_cat?post=2743"},{"taxonomy":"product_tag","embeddable":true,"href":"https:\/\/stomatologia-medicalbeauty.pl\/apt\/wp-json\/wp\/v2\/product_tag?post=2743"}],"curies":[{"name":"wp","href":"https:\/\/api.w.org\/{rel}","templated":true}]}}