{"id":2916,"date":"2025-03-15T13:20:17","date_gmt":"2025-03-15T12:20:17","guid":{"rendered":"https:\/\/stomatologia-medicalbeauty.pl\/apt\/?post_type=product&#038;p=2916"},"modified":"2025-04-02T16:13:56","modified_gmt":"2025-04-02T15:13:56","slug":"nicode","status":"publish","type":"product","link":"https:\/\/stomatologia-medicalbeauty.pl\/apt\/produkt\/nicode\/","title":{"rendered":"Nicode"},"content":{"rendered":"\n<h2 class=\"wp-block-heading\">Co to jest Nicode i jak dzia\u0142a?<\/h2>\n\n\n\n<p><b>Nicode<\/b> to innowacyjny <b>produkt na rzucenie palenia<\/b>, kt\u00f3ry wspiera osoby pragn\u0105ce pozby\u0107 si\u0119 na\u0142ogu nikotynowego. <b>Co to jest Nicode<\/b> mo\u017cna okre\u015bli\u0107 jako spray zawieraj\u0105cy naturalne sk\u0142adniki, kt\u00f3re pomagaj\u0105 w redukcji g\u0142odu nikotynowego oraz ograniczaj\u0105 objawy odstawienia. <b>Dzia\u0142anie Nicode<\/b> opiera si\u0119 na wp\u0142ywie sk\u0142adnik\u00f3w aktywnych na uk\u0142ad nerwowy, co przyczynia si\u0119 do mniejszej potrzeby si\u0119gania po papierosy.<\/p>\n\n\n\n<p>W <b>sk\u0142ad Nicode<\/b> wchodz\u0105 takie substancje jak propolis, gliceryna ro\u015blinna, woda oczyszczona oraz kwas cytrynowy, co zapewnia bezpiecze\u0144stwo stosowania. Propolis jest znany ze swoich w\u0142a\u015bciwo\u015bci przeciwzapalnych i antybakteryjnych, co wspiera og\u00f3lny stan zdrowia podczas procesu rzucania palenia. U\u017cytkownicy mog\u0105 oczekiwa\u0107 pierwszych efekt\u00f3w ju\u017c po kilku tygodniach regularnego stosowania. Produkt pozwala na minimalizowanie stresu oraz dra\u017cliwo\u015bci, kt\u00f3re cz\u0119sto towarzysz\u0105 rzucaniu palenia.<\/p>\n\n\n\n<h2 class=\"wp-block-heading\">Nicode &#8211; efekty<\/h2>\n\n\n\n<p>U\u017cytkownicy, kt\u00f3rzy zdecydowali si\u0119 na <b>efekty stosowania Nicode<\/b>, cz\u0119sto zauwa\u017caj\u0105 znaczn\u0105 popraw\u0119 w walce z na\u0142ogiem. Ju\u017c po kilku dniach stosowania produktu wiele os\u00f3b zg\u0142asza zmniejszenie g\u0142odu nikotynowego oraz popraw\u0119 swojego samopoczucia. <b>Efekty rzucenia palenia<\/b> staj\u0105 si\u0119 bardziej zauwa\u017calne z ka\u017cdym tygodniem, co motywuje do dalszego stosowania.<\/p>\n\n\n\n<p>Pojawiaj\u0105 si\u0119 pozytywne reakcje, takie jak zwi\u0119kszenie poziomu energii, dzi\u0119ki zawarto\u015bci ekstrakt\u00f3w z ro\u015blin, takich jak manjeric\u00e3o-sagrado, kt\u00f3ry dzia\u0142a jako silny antyoksydant. Dodatkowo, ekstrakt z korzenia ginseng pomaga zredukowa\u0107 uczucie zm\u0119czenia, co jest niezwykle istotne w okresie odstawienia nikotyny.<\/p>\n\n\n\n<p><b>Nicode<\/b> wspiera r\u00f3wnie\u017c r\u00f3wnowag\u0119 emocjonaln\u0105 dzi\u0119ki ekstraktowi z erva-de-S\u00e3o-Jo\u00e3o, co jest szczeg\u00f3lnie istotne w kontek\u015bcie objaw\u00f3w l\u0119kowych, kt\u00f3re cz\u0119sto towarzysz\u0105 rzucaniu palenia. U\u017cytkownicy podkre\u015blaj\u0105, \u017ce po regularnym stosowaniu Nicode do\u015bwiadczaj\u0105 natychmiastowej ulgi oraz poprawy nastroju.<\/p>\n\n\n\n<p>Bezpiecze\u0144stwo u\u017cytkowania to kolejny atut, z jakim wi\u0105\u017c\u0105 si\u0119 <b>efekty stosowania Nicode<\/b>, gdy\u017c nie wi\u0105\u017ce si\u0119 on z \u017cadnymi znanymi skutkami ubocznymi. Dzi\u0119ki tym w\u0142a\u015bciwo\u015bciom, Nicode zyskuje uznanie na forach, gdzie u\u017cytkownicy dziel\u0105 si\u0119 swoimi pozytywnymi do\u015bwiadczeniami w redukcji ch\u0119ci si\u0119gni\u0119cia po papierosa.<\/p>\n\n\n\n<h2 class=\"wp-block-heading\">Jak stosowa\u0107 Nicode? &#8211; Dawkowanie<\/h2>\n\n\n\n<p>Nicode jest dost\u0119pny w formie kapsu\u0142ek, co u\u0142atwia jego stosowanie. Zaleca si\u0119 <b>dawkowanie Nicode<\/b> w ilo\u015bci jednej kapsu\u0142ki dziennie, najlepiej przyjmowanej przed posi\u0142kiem. Wa\u017cne jest, aby przestrzega\u0107 zalece\u0144 zawartych w ulotce, co zwi\u0119ksza szanse na osi\u0105gni\u0119cie pozytywnych efekt\u00f3w. W\u0142a\u015bciwe <b>stosowanie Nicode<\/b> wp\u0142ywa na skuteczno\u015b\u0107 leku oraz zminimalizowanie potencjalnych skutk\u00f3w ubocznych.<\/p>\n\n\n\n<p>Cho\u0107 Nicode ma na celu wsparcie w procesie rzucania palenia, u\u017cytkownicy powinni unika\u0107 przekraczania zalecanej dawki. Nieprzestrzeganie tych wskaz\u00f3wek mo\u017ce prowadzi\u0107 do niepo\u017c\u0105danych reakcji organizmu. Dodatkowo, warto rozwa\u017cy\u0107 wcze\u015bniejsze konsultacje z lekarzem, aby upewni\u0107 si\u0119, \u017ce <b>dawkowanie Nicode<\/b> jest odpowiednie dla konkretnego przypadku.<\/p>\n\n\n\n<figure class=\"wp-block-table\"><table class=\"has-fixed-layout\"><tbody><tr><th>Forma<\/th><th>Dawkowanie<\/th><th>Opis<\/th><\/tr><tr><td>Kapsu\u0142ki<\/td><td>1 kapsu\u0142ka dziennie<\/td><td>Przyjmowa\u0107 przed posi\u0142kiem<\/td><\/tr><\/tbody><\/table><\/figure>\n\n\n\n<p>Aby efektywnie w\u0142\u0105czy\u0107 Nicode do swojego planu rzucania palenia, warto zrozumie\u0107, <b>jak stosowa\u0107<\/b> ten produkt w codziennej rutynie. Dzi\u0119ki regularno\u015bci oraz odpowiedniemu dawkowania Nicode, mo\u017cna zwi\u0119kszy\u0107 skuteczno\u015b\u0107 w walce z na\u0142ogiem.<\/p>\n\n\n\n<h2 class=\"wp-block-heading\">Nicode &#8211; Opinie i Recenzje, Forum<\/h2>\n\n\n\n<p><b>Opinie na temat Nicode<\/b> s\u0105 w przewa\u017caj\u0105cej mierze pozytywne. U\u017cytkownicy szczeg\u00f3lnie podkre\u015blaj\u0105 skuteczno\u015b\u0107 tego sprayu w redukcji ch\u0119ci na palenie, co mo\u017cna zauwa\u017cy\u0107 ju\u017c w pierwszych dniach jego stosowania. Na wielu forach i w recenzjach Nicode, klienci opisuj\u0105 swoje do\u015bwiadczenia zwi\u0105zane z rzuceniem palenia.<\/p>\n\n\n\n<p>Wielu u\u017cytkownik\u00f3w zauwa\u017ca znaczn\u0105 popraw\u0119 swojego samopoczucia. Przyk\u0142ady z <b>forum<\/b>:<\/p>\n\n\n\n<blockquote class=\"wp-block-quote is-layout-flow wp-block-quote-is-layout-flow\">\n<p>\u201cKiedy zdecydowa\u0142em si\u0119 na rzucenie palenia, by\u0142em sceptyczny. Dzi\u0119ki Nicode uda\u0142o mi si\u0119 wytrwa\u0107 przez najtrudniejsze dni. G\u0142\u00f3d nikotynowy by\u0142 znacznie mniejszy, a ja czu\u0142em si\u0119 lepiej z dnia na dzie\u0144.\u201d<\/p>\n<\/blockquote>\n\n\n\n<p>.<\/p>\n\n\n\n<blockquote class=\"wp-block-quote is-layout-flow wp-block-quote-is-layout-flow\">\n<p>\u201cNicode pomog\u0142o mi nie tylko w walce z uzale\u017cnieniem, ale r\u00f3wnie\u017c poprawi\u0142o moje samopoczucie. Czuj\u0119 si\u0119 zdrowszy, a moje p\u0142uca s\u0105 w lepszej kondycji.\u201d<\/p>\n<\/blockquote>\n\n\n\n<p>.<\/p>\n\n\n\n<p>Warto wspomnie\u0107, \u017ce ponad 90% zrecenzowanych opinii na temat Nicode jest pozytywnych, a u\u017cytkownicy zauwa\u017caj\u0105 redukcj\u0119 liczby wypalanych papieros\u00f3w o niemal po\u0142ow\u0119 w zaledwie miesi\u0105c. Taka skuteczno\u015b\u0107 przyczynia si\u0119 do coraz wi\u0119kszej popularno\u015bci tego produktu.<\/p>\n\n\n\n<p>NiCode cieszy si\u0119 r\u00f3wnie\u017c wysokimi ocenami, uzyskuj\u0105c \u015bredni\u0105 4,95 na 5 gwiazdek. U\u017cytkownicy doceniaj\u0105 \u0142atwo\u015b\u0107 stosowania oraz szybkie efekty dzia\u0142ania, co czyni go atrakcyjn\u0105 opcj\u0105 dla os\u00f3b pragn\u0105cych rzuci\u0107 palenie.<\/p>\n\n\n\n<h2 class=\"wp-block-heading\">Nicode &#8211; Sk\u0142ad &#8211; Analiza sk\u0142adnik\u00f3w<\/h2>\n\n\n\n<p><b>Sk\u0142ad Nicode<\/b> to starannie dobrana mieszanka naturalnych komponent\u00f3w, kt\u00f3ra odgrywa kluczow\u0105 rol\u0119 w dzia\u0142aniu tego produktu. Wiele z tych sk\u0142adnik\u00f3w pochodzi z wyci\u0105g\u00f3w ro\u015blinnych, co zapewnia ich bezpiecze\u0144stwo oraz skuteczno\u015b\u0107 w procesie rzucania palenia. <b>Analiza sk\u0142adnik\u00f3w Nicode<\/b> wskazuje na ich w\u0142a\u015bciwo\u015bci wspieraj\u0105ce organizm w detoxie oraz reguluj\u0105ce procesy zwi\u0105zane z ch\u0119ci\u0105 si\u0119gania po papierosy.<\/p>\n\n\n\n<p>W sk\u0142adzie Nicode mo\u017cna znale\u017a\u0107:<\/p>\n\n\n\n<ul class=\"wp-block-list\">\n<li>Ekstrakty ro\u015blinne, kt\u00f3re maj\u0105 dzia\u0142anie wspomagaj\u0105ce organizm w walce z uzale\u017cnieniem.<\/li>\n\n\n\n<li>Substancje czynne, kt\u00f3re pomagaj\u0105 w stabilizacji nastroju.<\/li>\n\n\n\n<li>Witaminy i minera\u0142y, wspieraj\u0105ce og\u00f3lne zdrowie.<\/li>\n<\/ul>\n\n\n\n<p>Wa\u017cne jest, \u017ce <b>sk\u0142ad Nicode<\/b> zosta\u0142 zaprojektowany z my\u015bl\u0105 o minimalizacji ryzyka wyst\u0105pienia skutk\u00f3w ubocznych. Dzi\u0119ki zastosowanym sk\u0142adnikom, u\u017cytkownicy mog\u0105 liczy\u0107 na efekty widoczne ju\u017c po kilku dniach stosowania, co czyni ten produkt warto\u015bciowym wsparciem w trudnym procesie rzucania palenia.<\/p>\n\n\n\n<h2 class=\"wp-block-heading\">Gdzie kupi\u0107 i jaka jest cena Nicode?<\/h2>\n\n\n\n<p>Nicode jest dost\u0119pny wy\u0142\u0105cznie na oficjalnej stronie producenta. Aby zapewni\u0107 sobie najlepsze warunki zakupu, warto odwiedzi\u0107 t\u0119 stron\u0119, na kt\u00f3rej cz\u0119sto pojawiaj\u0105 si\u0119 aktualne promocje oraz oferty. Zakupy w tym miejscu gwarantuj\u0105, \u017ce produkt pochodzi od autoryzowanego dystrybutora, co zapewnia jego jako\u015b\u0107 i bezpiecze\u0144stwo.<\/p>\n\n\n\n<p>Je\u015bli chodzi o cen\u0119 Nicode, warto zaznaczy\u0107, \u017ce nie jest on dost\u0119pny w aptekach stacjonarnych. Oznacza to, \u017ce jedyn\u0105 mo\u017cliwo\u015bci\u0105 zakupu jest internetowy kana\u0142 dystrybucji. Ceny mog\u0105 si\u0119 r\u00f3\u017cni\u0107 w zale\u017cno\u015bci od wybranej oferty, dlatego zaleca si\u0119 dok\u0142adne por\u00f3wnanie dost\u0119pnych opcji. Zakup bezpo\u015brednio z oficjalnej strony nie tylko eliminuje ryzyko zakupu podr\u00f3bki, lecz tak\u017ce cz\u0119sto oferuje korzystniejsze ceny w por\u00f3wnaniu do innych \u017ar\u00f3de\u0142.<\/p>\n\n\n\n<p>Warto zainwestowa\u0107 w oryginalny produkt, aby mie\u0107 pewno\u015b\u0107 co do jego skuteczno\u015bci i bezpiecze\u0144stwa. \u015awiadomo\u015b\u0107, <b>gdzie kupi\u0107 Nicode<\/b>, to kluczowy krok w procesie rzucania palenia.<\/p>\n\n\n\n<h2 class=\"wp-block-heading\">Potencjalne skutki uboczne i przeciwwskazania do stosowania Nicode<\/h2>\n\n\n\n<p>Cho\u0107 Nicode jest produktem bazuj\u0105cym na naturalnych sk\u0142adnikach, u\u017cytkownicy powinni by\u0107 \u015bwiadomi mo\u017cliwych skutk\u00f3w ubocznych Nicode. Najcz\u0119\u015bciej zg\u0142aszanymi objawami s\u0105 b\u00f3le g\u0142owy oraz dolegliwo\u015bci \u017co\u0142\u0105dkowe, kt\u00f3re cz\u0119sto wyst\u0119puj\u0105 zw\u0142aszcza w pocz\u0105tkowym okresie stosowania. Takie reakcje mog\u0105 by\u0107 wynikiem adaptacji organizmu do sk\u0142adnik\u00f3w aktywnych preparatu.<\/p>\n\n\n\n<p><b>Przeciwwskazania Nicode<\/b> dotycz\u0105 przede wszystkim os\u00f3b z alergi\u0105 na kt\u00f3rykolwiek sk\u0142adnik produktu. Warto podkre\u015bli\u0107, \u017ce kobiety w ci\u0105\u017cy oraz karmi\u0105ce r\u00f3wnie\u017c powinny unika\u0107 stosowania Nicode bez wcze\u015bniejszej konsultacji z lekarzem. Specjalista mo\u017ce doradzi\u0107 alternatywne metody wsparcia w procesie rzucania palenia, kt\u00f3re b\u0119d\u0105 odpowiednie w danym przypadku.<\/p>\n\n\n\n<p>Przed rozpocz\u0119ciem kuracji warto zawsze skonsultowa\u0107 si\u0119 z lekarzem, aby upewni\u0107 si\u0119, \u017ce Nicode jest odpowiedni dla danej osoby. Zdrowie i bezpiecze\u0144stwo powinny by\u0107 zawsze priorytetem, a profesjonalna porada pomo\u017ce w podj\u0119ciu najlepszej decyzji dotycz\u0105cej stosowania suplement\u00f3w.<\/p>\n","protected":false},"excerpt":{"rendered":"<p><strong>[date_countdown]<\/strong><\/p>\n<div style=\"font-family: Arial, sans-serif;font-size: 14px;color: #333;line-height: 1.5;margin-top: 10px\">\n<p style=\"color: #4fabe4;font-size: 16px;font-weight: bold;margin-bottom: 5px\">(Ponad 7954 zadowolonych klient\u00f3w)<\/p>\n<p style=\"font-size: 14px;font-weight: bold;color: #e44d26;margin-bottom: 10px\">6 os\u00f3b kupi\u0142o ten produkt w ci\u0105gu ostatnich 60 minut<\/p>\n<p style=\"margin-bottom: 10px\"><img decoding=\"async\" src=\"https:\/\/stomatologia-medicalbeauty.pl\/apt\/wp-content\/uploads\/2025\/03\/SAFE-PAY-300x88.png\" alt=\"SAFE PAY\" width=\"136\" height=\"40\" \/><\/p>\n<p style=\"font-size: 14px;font-weight: bold;color: #d9534f;margin-bottom: 0\">Uwaga na podr\u00f3bki!<\/p>\n<p style=\"font-size: 14px;margin-top: 5px\">U nas wszystkie preparaty zamawiasz ze sprawdzonego \u017ar\u00f3d\u0142a, bezpo\u015brednio od producenta &#8211; <span style=\"font-weight: bold;color: #5cb85c\">w 100% oryginalne!<\/span><\/p>\n<p><!-- Sekcja opinii --><\/p>\n<div style=\"margin-top: 15px;padding: 10px;background: #f8f9fa;border-radius: 5px;text-align: left\">\n<p style=\"font-size: 14px;font-weight: bold;margin-bottom: 5px\">Opinie klient\u00f3w:<\/p>\n<div class=\"rating\" style=\"color: #f1c40f;font-size: 18px;margin-bottom: 5px\">\u2605\u2605\u2605\u2605\u2606 <span style=\"color: #333;font-size: 14px\">(4.8\/5)<\/span><\/div>\n<p style=\"font-size: 12px;color: #555\">\u015arednia ocena na podstawie 3957 opinii<\/p>\n<\/div>\n<\/div>\n","protected":false},"featured_media":2946,"template":"","meta":{"neve_meta_sidebar":"","neve_meta_container":"","neve_meta_enable_content_width":"","neve_meta_content_width":0,"neve_meta_title_alignment":"","neve_meta_author_avatar":"","neve_post_elements_order":"","neve_meta_disable_header":"","neve_meta_disable_footer":"","neve_meta_disable_title":"","neve_meta_reading_time":"","_themeisle_gutenberg_block_has_review":false},"product_brand":[],"product_cat":[21],"product_tag":[],"class_list":{"0":"post-2916","1":"product","2":"type-product","3":"status-publish","4":"has-post-thumbnail","6":"product_cat-zdrowie","8":"first","9":"instock","10":"sale","11":"shipping-taxable","12":"product-type-external"},"yoast_head":"<!-- This site is optimized with the Yoast SEO plugin v27.4 - https:\/\/yoast.com\/product\/yoast-seo-wordpress\/ -->\n<title>Nicode - Opinie, Cena - 50%, Apteka, Forum, Sk\u0142ad, Efekty | Stomatologia MEDICAL&amp;BEAUTY<\/title>\n<meta name=\"robots\" content=\"index, follow, max-snippet:-1, max-image-preview:large, max-video-preview:-1\" \/>\n<link rel=\"canonical\" href=\"https:\/\/stomatologia-medicalbeauty.pl\/apt\/produkt\/nicode\/\" \/>\n<meta property=\"og:locale\" content=\"pl_PL\" \/>\n<meta property=\"og:type\" content=\"article\" \/>\n<meta property=\"og:title\" content=\"Nicode - Opinie, Cena - 50%, Apteka, Forum, Sk\u0142ad, Efekty | Stomatologia MEDICAL&amp;BEAUTY\" \/>\n<meta property=\"og:description\" content=\"(Ponad 7954 zadowolonych klient\u00f3w) 6 os\u00f3b kupi\u0142o ten produkt w ci\u0105gu ostatnich 60 minut Uwaga na podr\u00f3bki! U nas wszystkie preparaty zamawiasz ze sprawdzonego \u017ar\u00f3d\u0142a, bezpo\u015brednio od producenta - w 100% oryginalne!  Opinie klient\u00f3w: \u2605\u2605\u2605\u2605\u2606 (4.8\/5) \u015arednia ocena na podstawie 3957 opinii\" \/>\n<meta property=\"og:url\" content=\"https:\/\/stomatologia-medicalbeauty.pl\/apt\/produkt\/nicode\/\" \/>\n<meta property=\"og:site_name\" content=\"Stomatologia MEDICAL&amp;BEAUTY\" \/>\n<meta property=\"article:modified_time\" content=\"2025-04-02T15:13:56+00:00\" \/>\n<meta property=\"og:image\" content=\"https:\/\/stomatologia-medicalbeauty.pl\/apt\/wp-content\/uploads\/2025\/03\/Nicode.png\" \/>\n\t<meta property=\"og:image:width\" content=\"768\" \/>\n\t<meta property=\"og:image:height\" content=\"768\" \/>\n\t<meta property=\"og:image:type\" content=\"image\/png\" \/>\n<meta name=\"twitter:card\" content=\"summary_large_image\" \/>\n<meta name=\"twitter:label1\" content=\"Szacowany czas czytania\" \/>\n\t<meta name=\"twitter:data1\" content=\"6 minut\" \/>\n<script type=\"application\/ld+json\" class=\"yoast-schema-graph\">{\"@context\":\"https:\\\/\\\/schema.org\",\"@graph\":[{\"@type\":\"WebPage\",\"@id\":\"https:\\\/\\\/stomatologia-medicalbeauty.pl\\\/apt\\\/produkt\\\/nicode\\\/\",\"url\":\"https:\\\/\\\/stomatologia-medicalbeauty.pl\\\/apt\\\/produkt\\\/nicode\\\/\",\"name\":\"Nicode - Opinie, Cena - 50%, Apteka, Forum, Sk\u0142ad, Efekty | Stomatologia MEDICAL&amp;BEAUTY\",\"isPartOf\":{\"@id\":\"https:\\\/\\\/stomatologia-medicalbeauty.pl\\\/apt\\\/#website\"},\"primaryImageOfPage\":{\"@id\":\"https:\\\/\\\/stomatologia-medicalbeauty.pl\\\/apt\\\/produkt\\\/nicode\\\/#primaryimage\"},\"image\":{\"@id\":\"https:\\\/\\\/stomatologia-medicalbeauty.pl\\\/apt\\\/produkt\\\/nicode\\\/#primaryimage\"},\"thumbnailUrl\":\"https:\\\/\\\/stomatologia-medicalbeauty.pl\\\/apt\\\/wp-content\\\/uploads\\\/2025\\\/03\\\/Nicode.png\",\"datePublished\":\"2025-03-15T12:20:17+00:00\",\"dateModified\":\"2025-04-02T15:13:56+00:00\",\"breadcrumb\":{\"@id\":\"https:\\\/\\\/stomatologia-medicalbeauty.pl\\\/apt\\\/produkt\\\/nicode\\\/#breadcrumb\"},\"inLanguage\":\"pl-PL\",\"potentialAction\":[{\"@type\":\"ReadAction\",\"target\":[\"https:\\\/\\\/stomatologia-medicalbeauty.pl\\\/apt\\\/produkt\\\/nicode\\\/\"]}]},{\"@type\":\"ImageObject\",\"inLanguage\":\"pl-PL\",\"@id\":\"https:\\\/\\\/stomatologia-medicalbeauty.pl\\\/apt\\\/produkt\\\/nicode\\\/#primaryimage\",\"url\":\"https:\\\/\\\/stomatologia-medicalbeauty.pl\\\/apt\\\/wp-content\\\/uploads\\\/2025\\\/03\\\/Nicode.png\",\"contentUrl\":\"https:\\\/\\\/stomatologia-medicalbeauty.pl\\\/apt\\\/wp-content\\\/uploads\\\/2025\\\/03\\\/Nicode.png\",\"width\":768,\"height\":768},{\"@type\":\"BreadcrumbList\",\"@id\":\"https:\\\/\\\/stomatologia-medicalbeauty.pl\\\/apt\\\/produkt\\\/nicode\\\/#breadcrumb\",\"itemListElement\":[{\"@type\":\"ListItem\",\"position\":1,\"name\":\"Strona g\u0142\u00f3wna\",\"item\":\"https:\\\/\\\/stomatologia-medicalbeauty.pl\\\/apt\\\/\"},{\"@type\":\"ListItem\",\"position\":2,\"name\":\"Main\",\"item\":\"https:\\\/\\\/stomatologia-medicalbeauty.pl\\\/apt\\\/\"},{\"@type\":\"ListItem\",\"position\":3,\"name\":\"Nicode\"}]},{\"@type\":\"WebSite\",\"@id\":\"https:\\\/\\\/stomatologia-medicalbeauty.pl\\\/apt\\\/#website\",\"url\":\"https:\\\/\\\/stomatologia-medicalbeauty.pl\\\/apt\\\/\",\"name\":\"Stomatologia MEDICAL&BEAUTY\",\"description\":\"\",\"potentialAction\":[{\"@type\":\"SearchAction\",\"target\":{\"@type\":\"EntryPoint\",\"urlTemplate\":\"https:\\\/\\\/stomatologia-medicalbeauty.pl\\\/apt\\\/?s={search_term_string}\"},\"query-input\":{\"@type\":\"PropertyValueSpecification\",\"valueRequired\":true,\"valueName\":\"search_term_string\"}}],\"inLanguage\":\"pl-PL\"}]}<\/script>\n<!-- \/ Yoast SEO plugin. -->","yoast_head_json":{"title":"Nicode - Opinie, Cena - 50%, Apteka, Forum, Sk\u0142ad, Efekty | Stomatologia MEDICAL&amp;BEAUTY","robots":{"index":"index","follow":"follow","max-snippet":"max-snippet:-1","max-image-preview":"max-image-preview:large","max-video-preview":"max-video-preview:-1"},"canonical":"https:\/\/stomatologia-medicalbeauty.pl\/apt\/produkt\/nicode\/","og_locale":"pl_PL","og_type":"article","og_title":"Nicode - Opinie, Cena - 50%, Apteka, Forum, Sk\u0142ad, Efekty | Stomatologia MEDICAL&amp;BEAUTY","og_description":"(Ponad 7954 zadowolonych klient\u00f3w) 6 os\u00f3b kupi\u0142o ten produkt w ci\u0105gu ostatnich 60 minut Uwaga na podr\u00f3bki! U nas wszystkie preparaty zamawiasz ze sprawdzonego \u017ar\u00f3d\u0142a, bezpo\u015brednio od producenta - w 100% oryginalne!  Opinie klient\u00f3w: \u2605\u2605\u2605\u2605\u2606 (4.8\/5) \u015arednia ocena na podstawie 3957 opinii","og_url":"https:\/\/stomatologia-medicalbeauty.pl\/apt\/produkt\/nicode\/","og_site_name":"Stomatologia MEDICAL&amp;BEAUTY","article_modified_time":"2025-04-02T15:13:56+00:00","og_image":[{"width":768,"height":768,"url":"https:\/\/stomatologia-medicalbeauty.pl\/apt\/wp-content\/uploads\/2025\/03\/Nicode.png","type":"image\/png"}],"twitter_card":"summary_large_image","twitter_misc":{"Szacowany czas czytania":"6 minut"},"schema":{"@context":"https:\/\/schema.org","@graph":[{"@type":"WebPage","@id":"https:\/\/stomatologia-medicalbeauty.pl\/apt\/produkt\/nicode\/","url":"https:\/\/stomatologia-medicalbeauty.pl\/apt\/produkt\/nicode\/","name":"Nicode - Opinie, Cena - 50%, Apteka, Forum, Sk\u0142ad, Efekty | Stomatologia MEDICAL&amp;BEAUTY","isPartOf":{"@id":"https:\/\/stomatologia-medicalbeauty.pl\/apt\/#website"},"primaryImageOfPage":{"@id":"https:\/\/stomatologia-medicalbeauty.pl\/apt\/produkt\/nicode\/#primaryimage"},"image":{"@id":"https:\/\/stomatologia-medicalbeauty.pl\/apt\/produkt\/nicode\/#primaryimage"},"thumbnailUrl":"https:\/\/stomatologia-medicalbeauty.pl\/apt\/wp-content\/uploads\/2025\/03\/Nicode.png","datePublished":"2025-03-15T12:20:17+00:00","dateModified":"2025-04-02T15:13:56+00:00","breadcrumb":{"@id":"https:\/\/stomatologia-medicalbeauty.pl\/apt\/produkt\/nicode\/#breadcrumb"},"inLanguage":"pl-PL","potentialAction":[{"@type":"ReadAction","target":["https:\/\/stomatologia-medicalbeauty.pl\/apt\/produkt\/nicode\/"]}]},{"@type":"ImageObject","inLanguage":"pl-PL","@id":"https:\/\/stomatologia-medicalbeauty.pl\/apt\/produkt\/nicode\/#primaryimage","url":"https:\/\/stomatologia-medicalbeauty.pl\/apt\/wp-content\/uploads\/2025\/03\/Nicode.png","contentUrl":"https:\/\/stomatologia-medicalbeauty.pl\/apt\/wp-content\/uploads\/2025\/03\/Nicode.png","width":768,"height":768},{"@type":"BreadcrumbList","@id":"https:\/\/stomatologia-medicalbeauty.pl\/apt\/produkt\/nicode\/#breadcrumb","itemListElement":[{"@type":"ListItem","position":1,"name":"Strona g\u0142\u00f3wna","item":"https:\/\/stomatologia-medicalbeauty.pl\/apt\/"},{"@type":"ListItem","position":2,"name":"Main","item":"https:\/\/stomatologia-medicalbeauty.pl\/apt\/"},{"@type":"ListItem","position":3,"name":"Nicode"}]},{"@type":"WebSite","@id":"https:\/\/stomatologia-medicalbeauty.pl\/apt\/#website","url":"https:\/\/stomatologia-medicalbeauty.pl\/apt\/","name":"Stomatologia MEDICAL&BEAUTY","description":"","potentialAction":[{"@type":"SearchAction","target":{"@type":"EntryPoint","urlTemplate":"https:\/\/stomatologia-medicalbeauty.pl\/apt\/?s={search_term_string}"},"query-input":{"@type":"PropertyValueSpecification","valueRequired":true,"valueName":"search_term_string"}}],"inLanguage":"pl-PL"}]}},"_links":{"self":[{"href":"https:\/\/stomatologia-medicalbeauty.pl\/apt\/wp-json\/wp\/v2\/product\/2916","targetHints":{"allow":["GET"]}}],"collection":[{"href":"https:\/\/stomatologia-medicalbeauty.pl\/apt\/wp-json\/wp\/v2\/product"}],"about":[{"href":"https:\/\/stomatologia-medicalbeauty.pl\/apt\/wp-json\/wp\/v2\/types\/product"}],"wp:featuredmedia":[{"embeddable":true,"href":"https:\/\/stomatologia-medicalbeauty.pl\/apt\/wp-json\/wp\/v2\/media\/2946"}],"wp:attachment":[{"href":"https:\/\/stomatologia-medicalbeauty.pl\/apt\/wp-json\/wp\/v2\/media?parent=2916"}],"wp:term":[{"taxonomy":"product_brand","embeddable":true,"href":"https:\/\/stomatologia-medicalbeauty.pl\/apt\/wp-json\/wp\/v2\/product_brand?post=2916"},{"taxonomy":"product_cat","embeddable":true,"href":"https:\/\/stomatologia-medicalbeauty.pl\/apt\/wp-json\/wp\/v2\/product_cat?post=2916"},{"taxonomy":"product_tag","embeddable":true,"href":"https:\/\/stomatologia-medicalbeauty.pl\/apt\/wp-json\/wp\/v2\/product_tag?post=2916"}],"curies":[{"name":"wp","href":"https:\/\/api.w.org\/{rel}","templated":true}]}}